{"id":512,"date":"2025-07-11T11:54:53","date_gmt":"2025-07-11T11:54:53","guid":{"rendered":"https:\/\/plast-iq.hu\/?page_id=512"},"modified":"2025-10-13T16:13:51","modified_gmt":"2025-10-13T16:13:51","slug":"mold-tool-design","status":"publish","type":"page","link":"https:\/\/plast-iq.hu\/hu\/mold-tool-design\/","title":{"rendered":"Szersz\u00e1mtervez\u00e9s t\u00e1mogat\u00e1sa"},"content":{"rendered":"<div data-elementor-type=\"wp-page\" data-elementor-id=\"512\" class=\"elementor elementor-512\" data-elementor-post-type=\"page\">\n\t\t\t\t<div class=\"elementor-element elementor-element-aedc1aa e-flex e-con-boxed e-con e-parent\" data-id=\"aedc1aa\" data-element_type=\"container\" data-e-type=\"container\">\n\t\t\t\t\t<div class=\"e-con-inner\">\n\t\t<div class=\"elementor-element elementor-element-66278ca e-con-full e-flex e-con e-child\" data-id=\"66278ca\" data-element_type=\"container\" data-e-type=\"container\">\n\t\t\t\t<div class=\"elementor-element elementor-element-73caad7 elementor-widget elementor-widget-heading\" data-id=\"73caad7\" data-element_type=\"widget\" data-e-type=\"widget\" data-widget_type=\"heading.default\">\n\t\t\t\t\t<h1 class=\"elementor-heading-title elementor-size-default\">Szersz\u00e1mtervez\u00e9s t\u00e1mogat\u00e1sa<\/h1>\t\t\t\t<\/div>\n\t\t\t\t<div class=\"elementor-element elementor-element-a25dc36 elementor-widget__width-initial elementor-widget elementor-widget-text-editor\" data-id=\"a25dc36\" data-element_type=\"widget\" data-e-type=\"widget\" data-widget_type=\"text-editor.default\">\n\t\t\t\t\t\t\t\t\t<p><span style=\"font-weight: 400;\">A szimul\u00e1ci\u00f3 alkalmaz\u00e1sa szersz\u00e1mtervez\u00e9s sor\u00e1n lehet\u0151v\u00e9 teszi, hogy meghat\u00e1rozzuk a szersz\u00e1m alapvet\u0151 tulajdons\u00e1gait \u00e9s k\u00fcl\u00f6nb\u00f6z\u0151 megold\u00e1sokat tesztelj\u00fcnk an\u00e9lk\u00fcl, hogy a t\u00e9nyleges alkatr\u00e9szeket gy\u00e1rtan\u00e1nk.<\/span><\/p>\t\t\t\t\t\t\t\t<\/div>\n\t\t\t\t<\/div>\n\t\t<div class=\"elementor-element elementor-element-b465483 e-con-full e-flex e-con e-child\" data-id=\"b465483\" data-element_type=\"container\" data-e-type=\"container\">\n\t\t<div class=\"elementor-element elementor-element-b0348c5 e-con-full e-flex e-con e-child\" data-id=\"b0348c5\" data-element_type=\"container\" data-e-type=\"container\" data-settings=\"{&quot;background_background&quot;:&quot;classic&quot;}\">\n\t\t<div class=\"elementor-element elementor-element-c066b2b e-con-full e-flex e-con e-child\" data-id=\"c066b2b\" data-element_type=\"container\" data-e-type=\"container\">\n\t\t\t\t<div class=\"elementor-element elementor-element-4185546 elementor-widget elementor-widget-heading\" data-id=\"4185546\" data-element_type=\"widget\" data-e-type=\"widget\" data-widget_type=\"heading.default\">\n\t\t\t\t\t<h5 class=\"elementor-heading-title elementor-size-default\">Complete tool design<\/h5>\t\t\t\t<\/div>\n\t\t\t\t<div class=\"elementor-element elementor-element-e6018ec elementor-widget elementor-widget-text-editor\" data-id=\"e6018ec\" data-element_type=\"widget\" data-e-type=\"widget\" data-widget_type=\"text-editor.default\">\n\t\t\t\t\t\t\t\t\t<p><span style=\"font-weight: 400;\">In case of a complete tool design, we can get involved as early as the initial project phases if needed. We assist in the injection moldable design of the product and in determining the concept of the ordered tool (number of cavities, cycle time, output, etc.). After detailed design, we deliver the complete 3D and 2D documentation of the tool.<\/span><\/p>\t\t\t\t\t\t\t\t<\/div>\n\t\t\t\t<\/div>\n\t\t\t\t<div class=\"elementor-element elementor-element-d3a3d82 elementor-widget elementor-widget-image\" data-id=\"d3a3d82\" data-element_type=\"widget\" data-e-type=\"widget\" data-widget_type=\"image.default\">\n\t\t\t\t\t\t\t\t\t\t\t\t\t\t\t<img fetchpriority=\"high\" decoding=\"async\" width=\"332\" height=\"220\" src=\"https:\/\/plast-iq.hu\/wp-content\/uploads\/2025\/07\/Frame-112.png\" class=\"attachment-large size-large wp-image-480\" alt=\"\" srcset=\"https:\/\/plast-iq.hu\/wp-content\/uploads\/2025\/07\/Frame-112.png 332w, https:\/\/plast-iq.hu\/wp-content\/uploads\/2025\/07\/Frame-112-300x199.png 300w\" sizes=\"(max-width: 332px) 100vw, 332px\" \/>\t\t\t\t\t\t\t\t\t\t\t\t\t\t\t<\/div>\n\t\t\t\t<\/div>\n\t\t<div class=\"elementor-element elementor-element-f664f01 e-con-full e-flex e-con e-child\" data-id=\"f664f01\" data-element_type=\"container\" data-e-type=\"container\" data-settings=\"{&quot;background_background&quot;:&quot;classic&quot;}\">\n\t\t<div class=\"elementor-element elementor-element-e1da519 e-con-full e-flex e-con e-child\" data-id=\"e1da519\" data-element_type=\"container\" data-e-type=\"container\">\n\t\t\t\t<div class=\"elementor-element elementor-element-9c6be11 elementor-widget elementor-widget-heading\" data-id=\"9c6be11\" data-element_type=\"widget\" data-e-type=\"widget\" data-widget_type=\"heading.default\">\n\t\t\t\t\t<h5 class=\"elementor-heading-title elementor-size-default\">Tool optimization<\/h5>\t\t\t\t<\/div>\n\t\t\t\t<div class=\"elementor-element elementor-element-de58134 elementor-widget elementor-widget-text-editor\" data-id=\"de58134\" data-element_type=\"widget\" data-e-type=\"widget\" data-widget_type=\"text-editor.default\">\n\t\t\t\t\t\t\t\t\t<p><span style=\"font-weight: 400;\">We know that although many things are decided during the design phase, the real life of the tool only begins after its production. We provide assistance in the development of completed tool constructions, either problem-oriented or comprehensively. Our goal is to tailor the tool to your needs, which may involve correcting defects or optimizing certain processes. These are the projects where the true value of simulation-supported design is most evident.<\/span><\/p>\t\t\t\t\t\t\t\t<\/div>\n\t\t\t\t<\/div>\n\t\t\t\t<div class=\"elementor-element elementor-element-2ada98d elementor-widget elementor-widget-image\" data-id=\"2ada98d\" data-element_type=\"widget\" data-e-type=\"widget\" data-widget_type=\"image.default\">\n\t\t\t\t\t\t\t\t\t\t\t\t\t\t\t<img decoding=\"async\" width=\"476\" height=\"300\" src=\"https:\/\/plast-iq.hu\/wp-content\/uploads\/2025\/07\/Frame-109.png\" class=\"attachment-large size-large wp-image-454\" alt=\"\" srcset=\"https:\/\/plast-iq.hu\/wp-content\/uploads\/2025\/07\/Frame-109.png 476w, https:\/\/plast-iq.hu\/wp-content\/uploads\/2025\/07\/Frame-109-300x189.png 300w\" sizes=\"(max-width: 476px) 100vw, 476px\" \/>\t\t\t\t\t\t\t\t\t\t\t\t\t\t\t<\/div>\n\t\t\t\t<\/div>\n\t\t\t\t<\/div>\n\t\t\t\t<div class=\"elementor-element elementor-element-7ec8b75 elementor-absolute animated-slow elementor-invisible elementor-widget elementor-widget-image\" data-id=\"7ec8b75\" data-element_type=\"widget\" data-e-type=\"widget\" data-settings=\"{&quot;_position&quot;:&quot;absolute&quot;,&quot;_animation&quot;:&quot;fadeIn&quot;,&quot;_animation_delay&quot;:300}\" data-widget_type=\"image.default\">\n\t\t\t\t\t\t\t\t\t\t\t\t\t\t\t<img decoding=\"async\" width=\"534\" height=\"534\" src=\"https:\/\/plast-iq.hu\/wp-content\/uploads\/2025\/07\/geometric-shape-3.png\" class=\"attachment-large size-large wp-image-22\" alt=\"\" srcset=\"https:\/\/plast-iq.hu\/wp-content\/uploads\/2025\/07\/geometric-shape-3.png 534w, https:\/\/plast-iq.hu\/wp-content\/uploads\/2025\/07\/geometric-shape-3-300x300.png 300w, https:\/\/plast-iq.hu\/wp-content\/uploads\/2025\/07\/geometric-shape-3-150x150.png 150w\" sizes=\"(max-width: 534px) 100vw, 534px\" \/>\t\t\t\t\t\t\t\t\t\t\t\t\t\t\t<\/div>\n\t\t\t\t<div class=\"elementor-element elementor-element-4601306 elementor-absolute animated-slow elementor-invisible elementor-widget elementor-widget-image\" data-id=\"4601306\" data-element_type=\"widget\" data-e-type=\"widget\" data-settings=\"{&quot;_position&quot;:&quot;absolute&quot;,&quot;_animation&quot;:&quot;fadeIn&quot;,&quot;_animation_delay&quot;:350}\" data-widget_type=\"image.default\">\n\t\t\t\t\t\t\t\t\t\t\t\t\t\t\t<img loading=\"lazy\" decoding=\"async\" width=\"132\" height=\"132\" src=\"https:\/\/plast-iq.hu\/wp-content\/uploads\/2025\/07\/geometric-shape-3-1.png\" class=\"attachment-large size-large wp-image-25\" alt=\"\" \/>\t\t\t\t\t\t\t\t\t\t\t\t\t\t\t<\/div>\n\t\t\t\t<div class=\"elementor-element elementor-element-1c21dfa elementor-absolute animated-slow elementor-invisible elementor-widget elementor-widget-image\" data-id=\"1c21dfa\" data-element_type=\"widget\" data-e-type=\"widget\" data-settings=\"{&quot;_position&quot;:&quot;absolute&quot;,&quot;_animation&quot;:&quot;fadeIn&quot;,&quot;_animation_delay&quot;:250}\" data-widget_type=\"image.default\">\n\t\t\t\t\t\t\t\t\t\t\t\t\t\t\t<img loading=\"lazy\" decoding=\"async\" width=\"128\" height=\"129\" src=\"https:\/\/plast-iq.hu\/wp-content\/uploads\/2025\/07\/geometric-shape-2.png\" class=\"attachment-large size-large wp-image-24\" alt=\"\" \/>\t\t\t\t\t\t\t\t\t\t\t\t\t\t\t<\/div>\n\t\t\t\t<div class=\"elementor-element elementor-element-1aa9ec8 elementor-absolute animated-slow elementor-invisible elementor-widget elementor-widget-image\" data-id=\"1aa9ec8\" data-element_type=\"widget\" data-e-type=\"widget\" data-settings=\"{&quot;_position&quot;:&quot;absolute&quot;,&quot;_animation&quot;:&quot;fadeIn&quot;,&quot;_animation_delay&quot;:200}\" data-widget_type=\"image.default\">\n\t\t\t\t\t\t\t\t\t\t\t\t\t\t\t<img loading=\"lazy\" decoding=\"async\" width=\"451\" height=\"451\" src=\"https:\/\/plast-iq.hu\/wp-content\/uploads\/2025\/07\/geometric-shape-3-3.png\" class=\"attachment-large size-large wp-image-30\" alt=\"\" srcset=\"https:\/\/plast-iq.hu\/wp-content\/uploads\/2025\/07\/geometric-shape-3-3.png 451w, https:\/\/plast-iq.hu\/wp-content\/uploads\/2025\/07\/geometric-shape-3-3-300x300.png 300w, https:\/\/plast-iq.hu\/wp-content\/uploads\/2025\/07\/geometric-shape-3-3-150x150.png 150w\" sizes=\"(max-width: 451px) 100vw, 451px\" \/>\t\t\t\t\t\t\t\t\t\t\t\t\t\t\t<\/div>\n\t\t\t\t\t<\/div>\n\t\t\t\t<\/div>\n\t\t<div class=\"elementor-element elementor-element-fd8c760 e-flex e-con-boxed e-con e-parent\" data-id=\"fd8c760\" data-element_type=\"container\" data-e-type=\"container\">\n\t\t\t\t\t<div class=\"e-con-inner\">\n\t\t\t\t<div class=\"elementor-element elementor-element-ed72811 elementor-widget elementor-widget-heading\" data-id=\"ed72811\" data-element_type=\"widget\" data-e-type=\"widget\" data-widget_type=\"heading.default\">\n\t\t\t\t\t<h5 class=\"elementor-heading-title elementor-size-default\">Analysis type<\/h5>\t\t\t\t<\/div>\n\t\t<div class=\"elementor-element elementor-element-cf37a9b e-con-full e-flex e-con e-child\" data-id=\"cf37a9b\" data-element_type=\"container\" data-e-type=\"container\">\n\t\t<div class=\"elementor-element elementor-element-499d64d e-con-full e-flex e-con e-child\" data-id=\"499d64d\" data-element_type=\"container\" data-e-type=\"container\">\n\t\t\t\t<div class=\"elementor-element elementor-element-feada2f elementor-widget elementor-widget-image\" data-id=\"feada2f\" data-element_type=\"widget\" data-e-type=\"widget\" data-widget_type=\"image.default\">\n\t\t\t\t\t\t\t\t\t\t\t\t\t\t\t<img fetchpriority=\"high\" decoding=\"async\" width=\"332\" height=\"220\" src=\"https:\/\/plast-iq.hu\/wp-content\/uploads\/2025\/07\/Frame-112.png\" class=\"attachment-large size-large wp-image-480\" alt=\"\" srcset=\"https:\/\/plast-iq.hu\/wp-content\/uploads\/2025\/07\/Frame-112.png 332w, https:\/\/plast-iq.hu\/wp-content\/uploads\/2025\/07\/Frame-112-300x199.png 300w\" sizes=\"(max-width: 332px) 100vw, 332px\" \/>\t\t\t\t\t\t\t\t\t\t\t\t\t\t\t<\/div>\n\t\t\t\t<div class=\"elementor-element elementor-element-8d0a387 elementor-widget elementor-widget-heading\" data-id=\"8d0a387\" data-element_type=\"widget\" data-e-type=\"widget\" data-widget_type=\"heading.default\">\n\t\t\t\t\t<h5 class=\"elementor-heading-title elementor-size-default\">Fill<\/h5>\t\t\t\t<\/div>\n\t\t\t\t<div class=\"elementor-element elementor-element-9960b3c elementor-widget elementor-widget-text-editor\" data-id=\"9960b3c\" data-element_type=\"widget\" data-e-type=\"widget\" data-widget_type=\"text-editor.default\">\n\t\t\t\t\t\t\t\t\t<p><span style=\"font-weight: 400;\">During the filling analysis, the virtual filling of the specified mold cavity takes place, from which we can obtain a wealth of useful information about the product, the tool, or the injection molding process. By examining the filling pattern of the melt front and the state of individual elements at specific moments, we can define:<\/span><\/p>\t\t\t\t\t\t\t\t<\/div>\n\t\t\t\t<div class=\"elementor-element elementor-element-19fb3cb elementor-align-start elementor-icon-list--layout-traditional elementor-list-item-link-full_width elementor-widget elementor-widget-icon-list\" data-id=\"19fb3cb\" data-element_type=\"widget\" data-e-type=\"widget\" data-widget_type=\"icon-list.default\">\n\t\t\t\t\t\t\t<ul class=\"elementor-icon-list-items\">\n\t\t\t\t\t\t\t<li class=\"elementor-icon-list-item\">\n\t\t\t\t\t\t\t\t\t\t\t<span class=\"elementor-icon-list-icon\">\n\t\t\t\t\t\t\t<svg aria-hidden=\"true\" class=\"e-font-icon-svg e-fas-circle\" viewbox=\"0 0 512 512\" xmlns=\"http:\/\/www.w3.org\/2000\/svg\"><path d=\"M256 8C119 8 8 119 8 256s111 248 248 248 248-111 248-248S393 8 256 8z\"><\/path><\/svg>\t\t\t\t\t\t<\/span>\n\t\t\t\t\t\t\t\t\t\t<span class=\"elementor-icon-list-text\">the appearance and location of certain product defects<\/span>\n\t\t\t\t\t\t\t\t\t<\/li>\n\t\t\t\t\t\t\t\t<li class=\"elementor-icon-list-item\">\n\t\t\t\t\t\t\t\t\t\t\t<span class=\"elementor-icon-list-icon\">\n\t\t\t\t\t\t\t<svg aria-hidden=\"true\" class=\"e-font-icon-svg e-fas-circle\" viewbox=\"0 0 512 512\" xmlns=\"http:\/\/www.w3.org\/2000\/svg\"><path d=\"M256 8C119 8 8 119 8 256s111 248 248 248 248-111 248-248S393 8 256 8z\"><\/path><\/svg>\t\t\t\t\t\t<\/span>\n\t\t\t\t\t\t\t\t\t\t<span class=\"elementor-icon-list-text\">the suitability of the tool geometry, runner system, gate (type, size, and location)<\/span>\n\t\t\t\t\t\t\t\t\t<\/li>\n\t\t\t\t\t\t\t\t<li class=\"elementor-icon-list-item\">\n\t\t\t\t\t\t\t\t\t\t\t<span class=\"elementor-icon-list-icon\">\n\t\t\t\t\t\t\t<svg aria-hidden=\"true\" class=\"e-font-icon-svg e-fas-circle\" viewbox=\"0 0 512 512\" xmlns=\"http:\/\/www.w3.org\/2000\/svg\"><path d=\"M256 8C119 8 8 119 8 256s111 248 248 248 248-111 248-248S393 8 256 8z\"><\/path><\/svg>\t\t\t\t\t\t<\/span>\n\t\t\t\t\t\t\t\t\t\t<span class=\"elementor-icon-list-text\">as well as the impact of the set process parameters (filling time, temperatures, pressures),<\/span>\n\t\t\t\t\t\t\t\t\t<\/li>\n\t\t\t\t\t\t<\/ul>\n\t\t\t\t\t\t<\/div>\n\t\t\t\t<div class=\"elementor-element elementor-element-c7b5b48 elementor-widget elementor-widget-text-editor\" data-id=\"c7b5b48\" data-element_type=\"widget\" data-e-type=\"widget\" data-widget_type=\"text-editor.default\">\n\t\t\t\t\t\t\t\t\t<p><span style=\"font-weight: 400;\">with this information, we can refine our product, tool, or process.<\/span><\/p>\t\t\t\t\t\t\t\t<\/div>\n\t\t\t\t<\/div>\n\t\t<div class=\"elementor-element elementor-element-1db6638 e-con-full e-flex e-con e-child\" data-id=\"1db6638\" data-element_type=\"container\" data-e-type=\"container\" data-settings=\"{&quot;background_background&quot;:&quot;classic&quot;}\">\n\t\t\t\t<div class=\"elementor-element elementor-element-88d78aa elementor-widget elementor-widget-image\" data-id=\"88d78aa\" data-element_type=\"widget\" data-e-type=\"widget\" data-widget_type=\"image.default\">\n\t\t\t\t\t\t\t\t\t\t\t\t\t\t\t<img loading=\"lazy\" decoding=\"async\" width=\"332\" height=\"220\" src=\"https:\/\/plast-iq.hu\/wp-content\/uploads\/2025\/07\/Frame-110.png\" class=\"attachment-large size-large wp-image-461\" alt=\"\" srcset=\"https:\/\/plast-iq.hu\/wp-content\/uploads\/2025\/07\/Frame-110.png 332w, https:\/\/plast-iq.hu\/wp-content\/uploads\/2025\/07\/Frame-110-300x199.png 300w\" sizes=\"(max-width: 332px) 100vw, 332px\" \/>\t\t\t\t\t\t\t\t\t\t\t\t\t\t\t<\/div>\n\t\t\t\t<div class=\"elementor-element elementor-element-f4fe8ac elementor-widget elementor-widget-heading\" data-id=\"f4fe8ac\" data-element_type=\"widget\" data-e-type=\"widget\" data-widget_type=\"heading.default\">\n\t\t\t\t\t<h5 class=\"elementor-heading-title elementor-size-default\">Pack<\/h5>\t\t\t\t<\/div>\n\t\t\t\t<div class=\"elementor-element elementor-element-fdcc650 elementor-widget elementor-widget-text-editor\" data-id=\"fdcc650\" data-element_type=\"widget\" data-e-type=\"widget\" data-widget_type=\"text-editor.default\">\n\t\t\t\t\t\t\t\t\t<p><span style=\"font-weight: 400;\">The examination of the packing phase covers the technological interval during which the holding pressure created by the injection molding machine is applied through the injection point. This lasts from the set switch-over point (filling or pressure-controlled) until the gate freezes or the nozzle closes. The entire phase aims to reduce shrinkage and warpage, thereby improving product quality. A critical parameter during the process is determining the appropriate holding pressure time, as both too short and too long holding pressure phases can lead to uneven shrinkage, resulting in warpage.<\/span><\/p>\t\t\t\t\t\t\t\t<\/div>\n\t\t\t\t<\/div>\n\t\t<div class=\"elementor-element elementor-element-2b810c4 e-con-full e-flex e-con e-child\" data-id=\"2b810c4\" data-element_type=\"container\" data-e-type=\"container\" data-settings=\"{&quot;background_background&quot;:&quot;classic&quot;}\">\n\t\t\t\t<div class=\"elementor-element elementor-element-4948453 elementor-widget elementor-widget-image\" data-id=\"4948453\" data-element_type=\"widget\" data-e-type=\"widget\" data-widget_type=\"image.default\">\n\t\t\t\t\t\t\t\t\t\t\t\t\t\t\t<img loading=\"lazy\" decoding=\"async\" width=\"332\" height=\"220\" src=\"https:\/\/plast-iq.hu\/wp-content\/uploads\/2025\/07\/Frame-111-1.png\" class=\"attachment-large size-large wp-image-463\" alt=\"\" srcset=\"https:\/\/plast-iq.hu\/wp-content\/uploads\/2025\/07\/Frame-111-1.png 332w, https:\/\/plast-iq.hu\/wp-content\/uploads\/2025\/07\/Frame-111-1-300x199.png 300w\" sizes=\"(max-width: 332px) 100vw, 332px\" \/>\t\t\t\t\t\t\t\t\t\t\t\t\t\t\t<\/div>\n\t\t\t\t<div class=\"elementor-element elementor-element-bc2b13b elementor-widget elementor-widget-heading\" data-id=\"bc2b13b\" data-element_type=\"widget\" data-e-type=\"widget\" data-widget_type=\"heading.default\">\n\t\t\t\t\t<h5 class=\"elementor-heading-title elementor-size-default\">Cooling<\/h5>\t\t\t\t<\/div>\n\t\t\t\t<div class=\"elementor-element elementor-element-1804e5d elementor-widget elementor-widget-text-editor\" data-id=\"1804e5d\" data-element_type=\"widget\" data-e-type=\"widget\" data-widget_type=\"text-editor.default\">\n\t\t\t\t\t\t\t\t\t<p><span style=\"font-weight: 400;\">During the cooling analysis, we have the opportunity to examine the entire thermal balance of the injection molding process and its fluctuations, even simulating steady-state operation using transient analysis. This is a very important part of the process, as it usually constitutes the largest portion of the total cycle time, and its uniformity directly affects the quality of the product (warpage). With the help of simulation, we can easily test numerous cooling concepts to find the one that provides the desired results in terms of both efficiency and uniformity. In the case of a final cooling concept, it can assist us in determining the appropriate parameters (temperature, flow rate), thus ensuring that the Reynolds number and the efficiency of the cooling circuit are truly optimal.<\/span><\/p>\t\t\t\t\t\t\t\t<\/div>\n\t\t\t\t<\/div>\n\t\t<div class=\"elementor-element elementor-element-220ac70 e-con-full e-flex e-con e-child\" data-id=\"220ac70\" data-element_type=\"container\" data-e-type=\"container\">\n\t\t\t\t<div class=\"elementor-element elementor-element-dbc07bc elementor-widget elementor-widget-image\" data-id=\"dbc07bc\" data-element_type=\"widget\" data-e-type=\"widget\" data-widget_type=\"image.default\">\n\t\t\t\t\t\t\t\t\t\t\t\t\t\t\t<img fetchpriority=\"high\" decoding=\"async\" width=\"332\" height=\"220\" src=\"https:\/\/plast-iq.hu\/wp-content\/uploads\/2025\/07\/Frame-112.png\" class=\"attachment-large size-large wp-image-480\" alt=\"\" srcset=\"https:\/\/plast-iq.hu\/wp-content\/uploads\/2025\/07\/Frame-112.png 332w, https:\/\/plast-iq.hu\/wp-content\/uploads\/2025\/07\/Frame-112-300x199.png 300w\" sizes=\"(max-width: 332px) 100vw, 332px\" \/>\t\t\t\t\t\t\t\t\t\t\t\t\t\t\t<\/div>\n\t\t\t\t<div class=\"elementor-element elementor-element-7310ef1 elementor-widget elementor-widget-heading\" data-id=\"7310ef1\" data-element_type=\"widget\" data-e-type=\"widget\" data-widget_type=\"heading.default\">\n\t\t\t\t\t<h5 class=\"elementor-heading-title elementor-size-default\">Wrap<\/h5>\t\t\t\t<\/div>\n\t\t\t\t<div class=\"elementor-element elementor-element-d0e11ef elementor-widget elementor-widget-text-editor\" data-id=\"d0e11ef\" data-element_type=\"widget\" data-e-type=\"widget\" data-widget_type=\"text-editor.default\">\n\t\t\t\t\t\t\t\t\t<p><span style=\"font-weight: 400;\">Warpage is the greatest enemy of the dimensional accuracy and shape fidelity of a product. Since warpage can be caused by multiple factors, which may also depend on each other, it is not easy to determine its exact cause. With warpage simulation, we are able to examine these effects simultaneously or separately, thus gaining an overall picture of the warpage. During the search for a solution, we can also examine individual components one by one. Depending on the nature of the project, we can then work on solving the problem or use the deformed and compensated product files generated by the software to make corrections.<\/span><\/p>\t\t\t\t\t\t\t\t<\/div>\n\t\t\t\t<\/div>\n\t\t\t\t<\/div>\n\t\t\t\t\t<\/div>\n\t\t\t\t<\/div>\n\t\t\t\t<\/div>","protected":false},"excerpt":{"rendered":"<p>Mold tool design Designing injection molding tools is a complex process that requires extensive knowledge, where standards and rules of thumb based on many years of experience often meet innovative, creative ideas and innovations. Nowadays, it is essential to support tool design with injection molding simulations, as this provides a competitive advantage in terms of [&hellip;]<\/p>","protected":false},"author":1,"featured_media":0,"parent":0,"menu_order":0,"comment_status":"closed","ping_status":"closed","template":"elementor_header_footer","meta":{"footnotes":""},"class_list":["post-512","page","type-page","status-publish","hentry"],"_links":{"self":[{"href":"https:\/\/plast-iq.hu\/hu\/wp-json\/wp\/v2\/pages\/512","targetHints":{"allow":["GET"]}}],"collection":[{"href":"https:\/\/plast-iq.hu\/hu\/wp-json\/wp\/v2\/pages"}],"about":[{"href":"https:\/\/plast-iq.hu\/hu\/wp-json\/wp\/v2\/types\/page"}],"author":[{"embeddable":true,"href":"https:\/\/plast-iq.hu\/hu\/wp-json\/wp\/v2\/users\/1"}],"replies":[{"embeddable":true,"href":"https:\/\/plast-iq.hu\/hu\/wp-json\/wp\/v2\/comments?post=512"}],"version-history":[{"count":31,"href":"https:\/\/plast-iq.hu\/hu\/wp-json\/wp\/v2\/pages\/512\/revisions"}],"predecessor-version":[{"id":1608,"href":"https:\/\/plast-iq.hu\/hu\/wp-json\/wp\/v2\/pages\/512\/revisions\/1608"}],"wp:attachment":[{"href":"https:\/\/plast-iq.hu\/hu\/wp-json\/wp\/v2\/media?parent=512"}],"curies":[{"name":"wp","href":"https:\/\/api.w.org\/{rel}","templated":true}]}}