{"id":391,"date":"2025-07-10T12:00:32","date_gmt":"2025-07-10T12:00:32","guid":{"rendered":"https:\/\/plast-iq.hu\/?page_id=391"},"modified":"2025-08-03T10:33:11","modified_gmt":"2025-08-03T10:33:11","slug":"services","status":"publish","type":"page","link":"https:\/\/plast-iq.hu\/hu\/services\/","title":{"rendered":"Szolg\u00e1ltat\u00e1sok"},"content":{"rendered":"<div data-elementor-type=\"wp-page\" data-elementor-id=\"391\" class=\"elementor elementor-391\" data-elementor-post-type=\"page\">\n\t\t\t\t<div class=\"elementor-element elementor-element-e748e5a e-flex e-con-boxed e-con e-parent\" data-id=\"e748e5a\" data-element_type=\"container\" data-e-type=\"container\">\n\t\t\t\t\t<div class=\"e-con-inner\">\n\t\t<div class=\"elementor-element elementor-element-72bcc5e e-con-full e-flex e-con e-child\" data-id=\"72bcc5e\" data-element_type=\"container\" data-e-type=\"container\">\n\t\t\t\t<div class=\"elementor-element elementor-element-0e2c7fd elementor-widget elementor-widget-heading\" data-id=\"0e2c7fd\" data-element_type=\"widget\" data-e-type=\"widget\" data-widget_type=\"heading.default\">\n\t\t\t\t\t<h1 class=\"elementor-heading-title elementor-size-default\">Szolg\u00e1ltat\u00e1sok<\/h1>\t\t\t\t<\/div>\n\t\t\t\t<\/div>\n\t\t\t\t<div class=\"elementor-element elementor-element-18bbebd elementor-absolute animated-slow elementor-invisible elementor-widget elementor-widget-image\" data-id=\"18bbebd\" data-element_type=\"widget\" data-e-type=\"widget\" data-settings=\"{&quot;_position&quot;:&quot;absolute&quot;,&quot;_animation&quot;:&quot;fadeIn&quot;,&quot;_animation_delay&quot;:300}\" data-widget_type=\"image.default\">\n\t\t\t\t\t\t\t\t\t\t\t\t\t\t\t<img fetchpriority=\"high\" decoding=\"async\" width=\"534\" height=\"534\" src=\"https:\/\/plast-iq.hu\/wp-content\/uploads\/2025\/07\/geometric-shape-3.png\" class=\"attachment-large size-large wp-image-22\" alt=\"\" srcset=\"https:\/\/plast-iq.hu\/wp-content\/uploads\/2025\/07\/geometric-shape-3.png 534w, https:\/\/plast-iq.hu\/wp-content\/uploads\/2025\/07\/geometric-shape-3-300x300.png 300w, https:\/\/plast-iq.hu\/wp-content\/uploads\/2025\/07\/geometric-shape-3-150x150.png 150w\" sizes=\"(max-width: 534px) 100vw, 534px\" \/>\t\t\t\t\t\t\t\t\t\t\t\t\t\t\t<\/div>\n\t\t\t\t<div class=\"elementor-element elementor-element-700f7a2 elementor-absolute animated-slow elementor-invisible elementor-widget elementor-widget-image\" data-id=\"700f7a2\" data-element_type=\"widget\" data-e-type=\"widget\" data-settings=\"{&quot;_position&quot;:&quot;absolute&quot;,&quot;_animation&quot;:&quot;fadeIn&quot;,&quot;_animation_delay&quot;:350}\" data-widget_type=\"image.default\">\n\t\t\t\t\t\t\t\t\t\t\t\t\t\t\t<img decoding=\"async\" width=\"132\" height=\"132\" src=\"https:\/\/plast-iq.hu\/wp-content\/uploads\/2025\/07\/geometric-shape-3-1.png\" class=\"attachment-large size-large wp-image-25\" alt=\"\" \/>\t\t\t\t\t\t\t\t\t\t\t\t\t\t\t<\/div>\n\t\t\t\t<div class=\"elementor-element elementor-element-e138845 elementor-absolute animated-slow elementor-invisible elementor-widget elementor-widget-image\" data-id=\"e138845\" data-element_type=\"widget\" data-e-type=\"widget\" data-settings=\"{&quot;_position&quot;:&quot;absolute&quot;,&quot;_animation&quot;:&quot;fadeIn&quot;,&quot;_animation_delay&quot;:250}\" data-widget_type=\"image.default\">\n\t\t\t\t\t\t\t\t\t\t\t\t\t\t\t<img decoding=\"async\" width=\"128\" height=\"129\" src=\"https:\/\/plast-iq.hu\/wp-content\/uploads\/2025\/07\/geometric-shape-2.png\" class=\"attachment-large size-large wp-image-24\" alt=\"\" \/>\t\t\t\t\t\t\t\t\t\t\t\t\t\t\t<\/div>\n\t\t\t\t<div class=\"elementor-element elementor-element-eafd2f7 elementor-absolute animated-slow elementor-invisible elementor-widget elementor-widget-image\" data-id=\"eafd2f7\" data-element_type=\"widget\" data-e-type=\"widget\" data-settings=\"{&quot;_position&quot;:&quot;absolute&quot;,&quot;_animation&quot;:&quot;fadeIn&quot;,&quot;_animation_delay&quot;:200}\" data-widget_type=\"image.default\">\n\t\t\t\t\t\t\t\t\t\t\t\t\t\t\t<img loading=\"lazy\" decoding=\"async\" width=\"451\" height=\"451\" src=\"https:\/\/plast-iq.hu\/wp-content\/uploads\/2025\/07\/geometric-shape-3-3.png\" class=\"attachment-large size-large wp-image-30\" alt=\"\" srcset=\"https:\/\/plast-iq.hu\/wp-content\/uploads\/2025\/07\/geometric-shape-3-3.png 451w, https:\/\/plast-iq.hu\/wp-content\/uploads\/2025\/07\/geometric-shape-3-3-300x300.png 300w, https:\/\/plast-iq.hu\/wp-content\/uploads\/2025\/07\/geometric-shape-3-3-150x150.png 150w\" sizes=\"(max-width: 451px) 100vw, 451px\" \/>\t\t\t\t\t\t\t\t\t\t\t\t\t\t\t<\/div>\n\t\t\t\t\t<\/div>\n\t\t\t\t<\/div>\n\t\t<div class=\"elementor-element elementor-element-31ad989 e-con-full e-flex e-con e-parent\" data-id=\"31ad989\" data-element_type=\"container\" data-e-type=\"container\">\n\t\t<div class=\"elementor-element elementor-element-3fa64f1 e-con-full e-flex e-con e-child\" data-id=\"3fa64f1\" data-element_type=\"container\" data-e-type=\"container\" data-settings=\"{&quot;background_background&quot;:&quot;classic&quot;}\">\n\t\t<div class=\"elementor-element elementor-element-aac68c2 e-con-full e-flex e-con e-child\" data-id=\"aac68c2\" data-element_type=\"container\" data-e-type=\"container\">\n\t\t\t\t<div class=\"elementor-element elementor-element-cf8ae0b elementor-widget elementor-widget-heading\" data-id=\"cf8ae0b\" data-element_type=\"widget\" data-e-type=\"widget\" data-widget_type=\"heading.default\">\n\t\t\t\t\t<h5 class=\"elementor-heading-title elementor-size-default\">Fr\u00f6ccs\u00f6nt\u00e9s szimul\u00e1ci\u00f3<\/h5>\t\t\t\t<\/div>\n\t\t\t\t<div class=\"elementor-element elementor-element-4519d44 elementor-widget elementor-widget-text-editor\" data-id=\"4519d44\" data-element_type=\"widget\" data-e-type=\"widget\" data-widget_type=\"text-editor.default\">\n\t\t\t\t\t\t\t\t\t<p><span style=\"font-weight: 400;\">A fr\u00f6ccs\u00f6nt\u00e9s szimul\u00e1ci\u00f3 lehet\u0151s\u00e9get k\u00edn\u00e1l a szersz\u00e1mok \u00e9s a technol\u00f3gia optimaliz\u00e1l\u00e1s\u00e1ra a term\u00e9k koncepcion\u00e1lis tervez\u00e9s\u00e9t\u0151l kezdve a szersz\u00e1mtervez\u00e9sen \u00e1t eg\u00e9szen a t\u00f6meggy\u00e1rt\u00e1si folyamatparam\u00e9terek finomhangol\u00e1s\u00e1ig. A Moldex3D szoftver lehet\u0151v\u00e9 teszi, hogy k\u00f6lts\u00e9ghat\u00e9konyan vizsg\u00e1ljunk k\u00fcl\u00f6nb\u00f6z\u0151 eseteket val\u00f3di szersz\u00e1mok \u00e9s g\u00e9pek n\u00e9lk\u00fcl, seg\u00edts\u00e9get ny\u00fajtva a potenci\u00e1lis probl\u00e9m\u00e1k el\u0151rejelz\u00e9s\u00e9ben \u00e9s megold\u00e1s\u00e1ban, \u00edgy biztos\u00edtva a gyors \u00e9s hat\u00e9kony munkav\u00e9gz\u00e9st<\/span><\/p>\t\t\t\t\t\t\t\t<\/div>\n\t\t\t\t<div class=\"elementor-element elementor-element-0763031 elementor-widget elementor-widget-button\" data-id=\"0763031\" data-element_type=\"widget\" data-e-type=\"widget\" data-widget_type=\"button.default\">\n\t\t\t\t\t\t\t\t\t\t<a class=\"elementor-button elementor-button-link elementor-size-sm\" href=\"https:\/\/plast-iq.hu\/index.php\/injection-molding-simulation\/\">\n\t\t\t\t\t\t<span class=\"elementor-button-content-wrapper\">\n\t\t\t\t\t\t\t\t\t<span class=\"elementor-button-text\">R\u00e9szletek &amp;gt<\/span>\n\t\t\t\t\t<\/span>\n\t\t\t\t\t<\/a>\n\t\t\t\t\t\t\t\t<\/div>\n\t\t\t\t<\/div>\n\t\t<div class=\"elementor-element elementor-element-c5ed770 e-con-full e-flex e-con e-child\" data-id=\"c5ed770\" data-element_type=\"container\" data-e-type=\"container\">\n\t\t\t\t<div class=\"elementor-element elementor-element-bbb1d0f elementor-widget elementor-widget-image\" data-id=\"bbb1d0f\" data-element_type=\"widget\" data-e-type=\"widget\" data-widget_type=\"image.default\">\n\t\t\t\t\t\t\t\t\t\t\t\t\t\t\t<img loading=\"lazy\" decoding=\"async\" width=\"476\" height=\"300\" src=\"https:\/\/plast-iq.hu\/wp-content\/uploads\/2025\/07\/Frame-107.png\" class=\"attachment-large size-large wp-image-127\" alt=\"\" srcset=\"https:\/\/plast-iq.hu\/wp-content\/uploads\/2025\/07\/Frame-107.png 476w, https:\/\/plast-iq.hu\/wp-content\/uploads\/2025\/07\/Frame-107-300x189.png 300w\" sizes=\"(max-width: 476px) 100vw, 476px\" \/>\t\t\t\t\t\t\t\t\t\t\t\t\t\t\t<\/div>\n\t\t\t\t<\/div>\n\t\t\t\t<\/div>\n\t\t<div class=\"elementor-element elementor-element-112d68d e-con-full e-flex e-con e-child\" data-id=\"112d68d\" data-element_type=\"container\" data-e-type=\"container\" data-settings=\"{&quot;background_background&quot;:&quot;classic&quot;}\">\n\t\t<div class=\"elementor-element elementor-element-695c332 e-con-full e-flex e-con e-child\" data-id=\"695c332\" data-element_type=\"container\" data-e-type=\"container\">\n\t\t\t\t<div class=\"elementor-element elementor-element-e316453 elementor-widget elementor-widget-heading\" data-id=\"e316453\" data-element_type=\"widget\" data-e-type=\"widget\" data-widget_type=\"heading.default\">\n\t\t\t\t\t<h5 class=\"elementor-heading-title elementor-size-default\">Szersz\u00e1mtervez\u00e9s t\u00e1mogat\u00e1sa<\/h5>\t\t\t\t<\/div>\n\t\t\t\t<div class=\"elementor-element elementor-element-6489d7d elementor-widget elementor-widget-text-editor\" data-id=\"6489d7d\" data-element_type=\"widget\" data-e-type=\"widget\" data-widget_type=\"text-editor.default\">\n\t\t\t\t\t\t\t\t\t<p><span style=\"font-weight: 400;\">A szimul\u00e1ci\u00f3 alkalmaz\u00e1sa szersz\u00e1mtervez\u00e9s sor\u00e1n lehet\u0151v\u00e9 teszi, hogy meghat\u00e1rozzuk a szersz\u00e1m alapvet\u0151 tulajdons\u00e1gait \u00e9s k\u00fcl\u00f6nb\u00f6z\u0151 megold\u00e1sokat tesztelj\u00fcnk an\u00e9lk\u00fcl, hogy a t\u00e9nyleges alkatr\u00e9szeket gy\u00e1rtan\u00e1nk.<\/span><\/p>\t\t\t\t\t\t\t\t<\/div>\n\t\t\t\t<div class=\"elementor-element elementor-element-caf0e29 elementor-widget elementor-widget-button\" data-id=\"caf0e29\" data-element_type=\"widget\" data-e-type=\"widget\" data-widget_type=\"button.default\">\n\t\t\t\t\t\t\t\t\t\t<a class=\"elementor-button elementor-button-link elementor-size-sm\" href=\"https:\/\/plast-iq.hu\/index.php\/mold-tool-design\/\">\n\t\t\t\t\t\t<span class=\"elementor-button-content-wrapper\">\n\t\t\t\t\t\t\t\t\t<span class=\"elementor-button-text\">R\u00e9szletek &amp;gt<\/span>\n\t\t\t\t\t<\/span>\n\t\t\t\t\t<\/a>\n\t\t\t\t\t\t\t\t<\/div>\n\t\t\t\t<\/div>\n\t\t<div class=\"elementor-element elementor-element-35417b3 e-con-full e-flex e-con e-child\" data-id=\"35417b3\" data-element_type=\"container\" data-e-type=\"container\">\n\t\t\t\t<div class=\"elementor-element elementor-element-3dca7d8 elementor-widget elementor-widget-image\" data-id=\"3dca7d8\" data-element_type=\"widget\" data-e-type=\"widget\" data-widget_type=\"image.default\">\n\t\t\t\t\t\t\t\t\t\t\t\t\t\t\t<img loading=\"lazy\" decoding=\"async\" width=\"476\" height=\"300\" src=\"https:\/\/plast-iq.hu\/wp-content\/uploads\/2025\/07\/Frame-107.png\" class=\"attachment-large size-large wp-image-127\" alt=\"\" srcset=\"https:\/\/plast-iq.hu\/wp-content\/uploads\/2025\/07\/Frame-107.png 476w, https:\/\/plast-iq.hu\/wp-content\/uploads\/2025\/07\/Frame-107-300x189.png 300w\" sizes=\"(max-width: 476px) 100vw, 476px\" \/>\t\t\t\t\t\t\t\t\t\t\t\t\t\t\t<\/div>\n\t\t\t\t<\/div>\n\t\t\t\t<\/div>\n\t\t\t\t<\/div>\n\t\t\t\t<\/div>","protected":false},"excerpt":{"rendered":"<p>Services Injection molding simulation Injection molding simulation offers the opportunity to optimize tooling and technology from product conceptual design through tool design to the fine-tuning of mass production process parameters. The Moldex3D software allows us to cost-effectively examine various scenarios without real tools and machines, helping to predict and solve potential problems, thus ensuring quick [&hellip;]<\/p>","protected":false},"author":1,"featured_media":0,"parent":0,"menu_order":0,"comment_status":"closed","ping_status":"closed","template":"","meta":{"footnotes":""},"class_list":["post-391","page","type-page","status-publish","hentry"],"_links":{"self":[{"href":"https:\/\/plast-iq.hu\/hu\/wp-json\/wp\/v2\/pages\/391","targetHints":{"allow":["GET"]}}],"collection":[{"href":"https:\/\/plast-iq.hu\/hu\/wp-json\/wp\/v2\/pages"}],"about":[{"href":"https:\/\/plast-iq.hu\/hu\/wp-json\/wp\/v2\/types\/page"}],"author":[{"embeddable":true,"href":"https:\/\/plast-iq.hu\/hu\/wp-json\/wp\/v2\/users\/1"}],"replies":[{"embeddable":true,"href":"https:\/\/plast-iq.hu\/hu\/wp-json\/wp\/v2\/comments?post=391"}],"version-history":[{"count":70,"href":"https:\/\/plast-iq.hu\/hu\/wp-json\/wp\/v2\/pages\/391\/revisions"}],"predecessor-version":[{"id":1566,"href":"https:\/\/plast-iq.hu\/hu\/wp-json\/wp\/v2\/pages\/391\/revisions\/1566"}],"wp:attachment":[{"href":"https:\/\/plast-iq.hu\/hu\/wp-json\/wp\/v2\/media?parent=391"}],"curies":[{"name":"wp","href":"https:\/\/api.w.org\/{rel}","templated":true}]}}